{"id":3,"date":"2023-03-20T17:45:38","date_gmt":"2023-03-20T17:45:38","guid":{"rendered":"https:\/\/www.inputforyou.com\/?page_id=3"},"modified":"2025-10-02T12:27:24","modified_gmt":"2025-10-02T10:27:24","slug":"politique-de-confidentialite","status":"publish","type":"page","link":"https:\/\/www.inputforyou.com\/fr\/privacy-policy\/","title":{"rendered":"Politique de confidentialit\u00e9"},"content":{"rendered":"<h2>1.      Informations juridiques et sur la protection de la vie priv\u00e9e<\/h2>\n<p>Si vous \u00eates venu ici, c'est que vous tenez \u00e0 votre vie priv\u00e9e. Nous le comprenons parfaitement, c'est pourquoi nous avons pr\u00e9par\u00e9 ce document pour vous. Vous y trouverez les r\u00e8gles relatives au traitement des donn\u00e9es \u00e0 caract\u00e8re personnel et \u00e0 l'utilisation des cookies dans le cadre de l'utilisation du site web inputforyou.be.<\/p>\n<p>L'administrateur du site web est Input For You, Alfons Gossetlaan 32E\/102, 1702 Groot Bijgaarden, num\u00e9ro d'identification fiscale : BE 0473.984.560 . Si vous avez des questions concernant notre politique de confidentialit\u00e9, n'oubliez pas que vous pouvez nous contacter \u00e0 tout moment en nous \u00e9crivant un e-mail \u00e0 info@inputforyou.be.<\/p>\n<h2>2.      Version abr\u00e9g\u00e9e - informations cl\u00e9s<\/h2>\n<p>Nous nous soucions de votre vie priv\u00e9e et de votre temps. C'est pourquoi nous avons pr\u00e9par\u00e9 une version abr\u00e9g\u00e9e des principales r\u00e8gles relatives \u00e0 la protection de la vie priv\u00e9e. En vous abonnant au bulletin d'information ou en nous contactant, vous nous fournissez des informations vous concernant, y compris vos donn\u00e9es personnelles. Nous vous garantissons que vos donn\u00e9es resteront confidentielles et s\u00e9curis\u00e9es et qu'elles ne seront pas mises \u00e0 la disposition de tiers sans votre consentement explicite.<\/p>\n<p>Nous utilisons des outils Google Analytics qui collectent des informations anonymes sur vos visites sur le site web, telles que les sous-pages que vous avez consult\u00e9es, le temps que vous avez pass\u00e9 sur le site web ou les transitions entre les diff\u00e9rentes sous-pages. \u00c0 cette fin, des cookies de Google LLC sont utilis\u00e9s pour le service Google Analytics.<\/p>\n<p>Nous utilisons le syst\u00e8me de mailing MailChimp qui implique l'utilisation des cookies de Rocket Science Ltd pour le service MailChimp.<\/p>\n<p>Nous utilisons le syst\u00e8me de commentaires Disqus qui implique l'utilisation des cookies de Disqus Inc.<\/p>\n<p>Nous utilisons des cookies de premi\u00e8re partie afin que vous puissiez utiliser confortablement le site et recevoir de l'aide.<\/p>\n<p>Si les informations ci-dessus ne vous suffisent pas, vous trouverez plus de d\u00e9tails ci-dessous.<\/p>\n<h2>3.      Donn\u00e9es \u00e0 caract\u00e8re personnel<\/h2>\n<p>L'administrateur de vos donn\u00e9es personnelles, conform\u00e9ment au GDPR, est Input For You, Alfons Gossetlaan 32E\/102, 1702 Groot Bijgaarden, num\u00e9ro d'identification fiscale : BE 0473.984.560 .<\/p>\n<p>Les finalit\u00e9s, les bases juridiques et la dur\u00e9e d\u00e9termin\u00e9e du traitement des donn\u00e9es \u00e0 caract\u00e8re personnel sont d\u00e9crites s\u00e9par\u00e9ment pour chaque finalit\u00e9 du traitement des donn\u00e9es (voir les dispositions ci-dessous pour une description d\u00e9taill\u00e9e des diff\u00e9rentes finalit\u00e9s du traitement des donn\u00e9es).<\/p>\n<p>Vous disposez des droits suivants concernant le traitement de vos donn\u00e9es \u00e0 caract\u00e8re personnel : le droit de demander l'acc\u00e8s \u00e0 vos donn\u00e9es \u00e0 caract\u00e8re personnel ainsi que leur rectification, leur suppression ou la limitation de leur traitement, le droit de s'opposer au traitement, le droit de transf\u00e9rer des donn\u00e9es, le droit de retirer le consentement au traitement des donn\u00e9es \u00e0 caract\u00e8re personnel pour une finalit\u00e9 sp\u00e9cifique, si ce consentement a \u00e9t\u00e9 donn\u00e9 pr\u00e9c\u00e9demment, le droit de d\u00e9poser une plainte aupr\u00e8s de l'autorit\u00e9 de contr\u00f4le en rapport avec le traitement des donn\u00e9es \u00e0 caract\u00e8re personnel.<\/p>\n<p>Les droits susmentionn\u00e9s peuvent \u00eatre exerc\u00e9s conform\u00e9ment aux r\u00e8gles d\u00e9crites dans les art. 16 - 21 du GDPR, en nous \u00e9crivant un e-mail \u00e0 l'adresse info@inputforyou.be. Nous pouvons refuser d'exercer certains droits parmi ceux indiqu\u00e9s ci-dessus dans une situation o\u00f9 la mise en \u0153uvre d'un droit donn\u00e9 serait en conflit avec la finalit\u00e9 l\u00e9gitime des donn\u00e9es que nous traitons. La fourniture de donn\u00e9es personnelles est toujours volontaire, mais elle est n\u00e9cessaire pour s'inscrire \u00e0 un bulletin d'information ou pour nous contacter. Nous garantissons la confidentialit\u00e9 de toutes les donn\u00e9es personnelles qui nous sont communiqu\u00e9es. Nous veillons \u00e0 ce que toutes les mesures de s\u00e9curit\u00e9 et de protection des donn\u00e9es personnelles requises par les dispositions du GDPR soient prises. Les donn\u00e9es personnelles sont collect\u00e9es avec la diligence requise et prot\u00e9g\u00e9es de mani\u00e8re ad\u00e9quate contre l'acc\u00e8s par des personnes non autoris\u00e9es.<\/p>\n<p>Nous confions le traitement des donn\u00e9es personnelles aux entit\u00e9s suivantes : Expertmedia, Eekstuk 2 in 9030 Ghent pour stocker les donn\u00e9es sur le serveur, Rocket Science Group \/\/ 675 Ponce de Leon Ave NE, Suite 5000, Atlanta, GA 30308 - afin d'utiliser le syst\u00e8me d'envoi MailChimp.<\/p>\n<p>Toutes les entit\u00e9s charg\u00e9es du traitement des donn\u00e9es personnelles garantissent l'utilisation de mesures de s\u00e9curit\u00e9 ad\u00e9quates et la protection des donn\u00e9es personnelles exig\u00e9e par la loi. Dans le cadre de l'utilisation du syst\u00e8me MailChimp, les donn\u00e9es personnelles sont transf\u00e9r\u00e9es vers un pays tiers (\u00c9tats-Unis). Mais ne vous inqui\u00e9tez pas. Le fournisseur du syst\u00e8me MailChimp a adh\u00e9r\u00e9 au programme Privacy Shield, ce qui signifie qu'il garantit un niveau ad\u00e9quat de protection des donn\u00e9es personnelles exig\u00e9 par la r\u00e9glementation europ\u00e9enne.<\/p>\n<h2>4.      Plaintes.<\/h2>\n<p>Si vous d\u00e9posez une r\u00e9clamation, vous nous fournissez les donn\u00e9es qu'elle contient. Nous traitons ces donn\u00e9es afin de mener \u00e0 bien la proc\u00e9dure de r\u00e9clamation. Dans ce cas, la base juridique du traitement de vos donn\u00e9es personnelles est le respect de nos obligations l\u00e9gales li\u00e9es \u00e0 la proc\u00e9dure de r\u00e9clamation.<\/p>\n<h2>5.      Bulletin d'information.<\/h2>\n<p>En vous abonnant \u00e0 la lettre d'information, vous nous fournissez vos donn\u00e9es personnelles telles que votre nom et votre adresse \u00e9lectronique. Nous traitons ces donn\u00e9es afin de vous envoyer le bulletin d'information. Dans ce cas, la base juridique du traitement de vos donn\u00e9es personnelles est votre consentement exprim\u00e9 en s\u00e9lectionnant une case \u00e0 cocher ad\u00e9quate lors de l'inscription \u00e0 la lettre d'information. Les donn\u00e9es fournies dans le formulaire d'inscription \u00e0 la lettre d'information seront stock\u00e9es dans la base de donn\u00e9es du syst\u00e8me d'envoi pendant toute la dur\u00e9e de l'activit\u00e9 du site web, \u00e0 moins que vous ne d\u00e9cidiez de ne pas recevoir la lettre d'information, ce qui entra\u00eenera la suppression des donn\u00e9es de la base de donn\u00e9es.<\/p>\n<h2>6.      Contact e-mail.<\/h2>\n<p>En nous contactant par courrier \u00e9lectronique, vous nous fournissez votre adresse \u00e9lectronique qui sera associ\u00e9e \u00e0 l'exp\u00e9diteur. En outre, vous pouvez inclure d'autres informations personnelles dans le message. Dans ce cas, la base juridique du traitement des donn\u00e9es \u00e0 caract\u00e8re personnel est votre consentement r\u00e9sultant de la prise de contact avec nous. Les donn\u00e9es personnelles fournies dans le cadre d'un courrier \u00e9lectronique ne sont trait\u00e9es que pour r\u00e9pondre \u00e0 votre demande. Le contenu de la correspondance peut \u00eatre archiv\u00e9.<\/p>\n<h2>7.      Cookies et technologies de suivi<\/h2>\n<p>Notre site web, comme presque tous les autres sites web, utilise des cookies pour vous offrir la meilleure exp\u00e9rience de navigation. Les cookies sont de petits \u00e9l\u00e9ments d'information textuelle stock\u00e9s sur votre appareil final (ordinateur, tablette, smartphone) qui peuvent \u00eatre lus par notre syst\u00e8me TIC. Les cookies nous permettent : d'assurer le fonctionnement correct et attendu du site web, de m\u00e9moriser vos param\u00e8tres pendant et entre les visites sur le site, d'assurer le bon fonctionnement du processus d'assistance et de vente, d'am\u00e9liorer la vitesse et la s\u00e9curit\u00e9 du site web, d'utiliser des outils analytiques et d'utiliser des outils de marketing. Vous trouverez plus de d\u00e9tails ci-dessous.<\/p>\n<h2>8.      Accepter les cookies.<\/h2>\n<p>Lorsque vous visitez le site web pour la premi\u00e8re fois, un message concernant l'utilisation de cookies s'affiche. En acceptant et en fermant ce message, vous acceptez l'utilisation de cookies conform\u00e9ment aux dispositions de la pr\u00e9sente politique de confidentialit\u00e9. Vous pouvez toujours retirer votre consentement en supprimant les cookies et en modifiant les param\u00e8tres des cookies dans votre navigateur. Toutefois, n'oubliez pas que la d\u00e9sactivation des cookies peut entra\u00eener des difficult\u00e9s d'utilisation de notre site web ainsi que de nombreux autres sites web qui utilisent des cookies.<\/p>\n<h2>9.      Cookies de premi\u00e8re partie.<\/h2>\n<p>Il existe deux types de cookies : les cookies de premi\u00e8re partie et les cookies de tierce partie. Nous utilisons des cookies de premi\u00e8re partie afin d'assurer le bon fonctionnement du site web et pour les raisons suivantes : m\u00e9moriser votre langue, enregistrer l'acceptation de la politique de confidentialit\u00e9 et de la politique en mati\u00e8re de cookies.<\/p>\n<h2>10. Cookies de tiers.<\/h2>\n<p>Notre site web, comme la plupart des sites web actuels, utilise des fonctions fournies par des tiers qui impliquent l'utilisation de cookies de tiers. L'utilisation de ces types de fichiers est d\u00e9crite ci-dessous.<\/p>\n<h2>11. Analyse et statistiques.<\/h2>\n<p>Nous utilisons des cookies pour suivre les statistiques du site web, telles que le nombre de visiteurs, le type de syst\u00e8me d'exploitation et de navigateur utilis\u00e9 pour naviguer sur le site web, le temps pass\u00e9 sur le site web, les sous-pages visit\u00e9es, etc. \u00c0 cette fin, nous utilisons Google Analytics. \u00c0 cet \u00e9gard, les informations collect\u00e9es sont totalement anonymes et ne permettent pas de vous identifier. \u00c0 cette fin, des cookies de Google LLC sont utilis\u00e9s pour le service Google Analytics. L'utilisation des services Google Analytics implique l'impl\u00e9mentation du code de suivi fourni par Google dans le code de notre site web. Ce code est bas\u00e9 sur des cookies mais peut \u00e9galement utiliser d'autres technologies de suivi. Les d\u00e9tails relatifs \u00e0 l'utilisation des informations collect\u00e9es par Google dans le cadre de l'utilisation de Google Analytics sur notre site peuvent \u00eatre consult\u00e9s ici : https:\/\/www.google.com\/intl\/pl\/policies\/privacy\/partners\/.<\/p>\n<h2>12. Outils de marketing.<\/h2>\n<p>Nous utilisons le syst\u00e8me d'envoi MailChimp. Par cons\u00e9quent, les cookies du Rocket Science Group sont utilis\u00e9s dans le cadre du service MailChimp.<\/p>\n<p>Nous utilisons le service de g\u00e9n\u00e9ration de leads fourni par Leadinfo B.V., Rotterdam, Pays-Bas, qui reconna\u00eet les visites des entreprises sur notre site web sur la base des adresses IP et nous montre des informations connexes accessibles au public, telles que les noms ou les adresses des entreprises. En outre, Leadinfo place deux cookies de premi\u00e8re partie pour assurer la transparence sur la mani\u00e8re dont nos visiteurs utilisent notre site web et l'outil traite les domaines des entr\u00e9es de formulaire fournies (par exemple \"leadinfo.com\") pour corr\u00e9ler les adresses IP avec les entreprises et pour am\u00e9liorer ses services. Pour de plus amples informations, veuillez consulter le site www.leadinfo.com. Sur cette page : www.leadinfo.com\/en\/opt-out, vous disposez d'une option de refus. En cas de refus, vos donn\u00e9es ne seront plus utilis\u00e9es par Leadinfo.<\/p>\n<h2>13. Journaux du serveur<\/h2>\n<p>L'utilisation du site web implique l'envoi de requ\u00eates au serveur sur lequel le site web est h\u00e9berg\u00e9. Chaque requ\u00eate envoy\u00e9e au serveur est stock\u00e9e dans les journaux du serveur. Les journaux comprennent l'adresse IP de l'utilisateur, la date et l'heure du serveur, des informations sur le navigateur et le syst\u00e8me d'exploitation. Les journaux sont enregistr\u00e9s et stock\u00e9s sur le serveur. Les donn\u00e9es stock\u00e9es dans les journaux du serveur ne sont pas associ\u00e9es \u00e0 des entit\u00e9s sp\u00e9cifiques utilisant le site web et ne sont pas utilis\u00e9es par l'administrateur pour identifier un utilisateur. Les journaux du serveur sont stock\u00e9s uniquement \u00e0 des fins d'administration du site web. Leur contenu n'est r\u00e9v\u00e9l\u00e9 \u00e0 aucune autre entit\u00e9 que les personnes autoris\u00e9es \u00e0 administrer le serveur.<\/p>","protected":false},"excerpt":{"rendered":"<p>1.\u00a0\u00a0\u00a0\u00a0\u00a0 Legal &amp; privacy Information If you came here, it must mean that you value your privacy. We understand this perfectly, that\u2019s why we have prepared this document for you. Here you will read about the rules for processing personal data and the use of cookies in connection with the use of the inputforyou.be website. [&hellip;]<\/p>\n","protected":false},"author":1,"featured_media":0,"parent":0,"menu_order":0,"comment_status":"closed","ping_status":"closed","template":"fullwidth-template.php","meta":{"_monsterinsights_skip_tracking":false,"_monsterinsights_sitenote_active":false,"_monsterinsights_sitenote_note":"","_monsterinsights_sitenote_category":0,"footnotes":""},"class_list":["post-3","page","type-page","status-publish","hentry"],"aioseo_notices":[],"_links":{"self":[{"href":"https:\/\/www.inputforyou.com\/fr\/wp-json\/wp\/v2\/pages\/3","targetHints":{"allow":["GET"]}}],"collection":[{"href":"https:\/\/www.inputforyou.com\/fr\/wp-json\/wp\/v2\/pages"}],"about":[{"href":"https:\/\/www.inputforyou.com\/fr\/wp-json\/wp\/v2\/types\/page"}],"author":[{"embeddable":true,"href":"https:\/\/www.inputforyou.com\/fr\/wp-json\/wp\/v2\/users\/1"}],"replies":[{"embeddable":true,"href":"https:\/\/www.inputforyou.com\/fr\/wp-json\/wp\/v2\/comments?post=3"}],"version-history":[{"count":1,"href":"https:\/\/www.inputforyou.com\/fr\/wp-json\/wp\/v2\/pages\/3\/revisions"}],"predecessor-version":[{"id":4167,"href":"https:\/\/www.inputforyou.com\/fr\/wp-json\/wp\/v2\/pages\/3\/revisions\/4167"}],"wp:attachment":[{"href":"https:\/\/www.inputforyou.com\/fr\/wp-json\/wp\/v2\/media?parent=3"}],"curies":[{"name":"wp","href":"https:\/\/api.w.org\/{rel}","templated":true}]}}