{"id":1589,"date":"2022-11-03T19:27:46","date_gmt":"2022-11-03T17:27:46","guid":{"rendered":"https:\/\/themes.dynamiclayers.net\/neobiz-importer\/our-services-copy\/"},"modified":"2025-01-22T11:02:41","modified_gmt":"2025-01-22T09:02:41","slug":"solutions","status":"publish","type":"page","link":"https:\/\/www.inputforyou.com\/fr\/solutions\/","title":{"rendered":"Solutions"},"content":{"rendered":"<div data-elementor-type=\"wp-page\" data-elementor-id=\"1589\" class=\"elementor elementor-1589\">\n\t\t\t\t\t\t<section class=\"elementor-section elementor-top-section elementor-element elementor-element-db46b60 elementor-section-full_width elementor-section-height-default elementor-section-height-default\" data-id=\"db46b60\" data-element_type=\"section\" data-e-type=\"section\" data-settings=\"{&quot;background_background&quot;:&quot;classic&quot;,&quot;sticky_logo_enable&quot;:&quot;no&quot;}\">\n\t\t\t\t\t\t<div class=\"elementor-container elementor-column-gap-no\">\n\t\t\t\t\t<div class=\"elementor-column elementor-col-100 elementor-top-column elementor-element elementor-element-2ee486b\" data-id=\"2ee486b\" data-element_type=\"column\" data-e-type=\"column\">\n\t\t\t<div class=\"elementor-widget-wrap elementor-element-populated\">\n\t\t\t\t\t\t<div class=\"elementor-element elementor-element-11a4247 align-left elementor-widget elementor-widget-neobiz-page-header\" data-id=\"11a4247\" data-element_type=\"widget\" data-e-type=\"widget\" data-widget_type=\"neobiz-page-header.default\">\n\t\t\t\t<div class=\"elementor-widget-container\">\n\t\t\t\t\t        <div class=\"el-page-header\">\r\n           <div class=\"overlay\"><\/div><div class=\"el-page-header-shape\" style=\"background-image: url(https:\/\/www.inputforyou.com\/wp-content\/plugins\/neobiz-core\/assets\/img\/page-header-shape.png)\"><\/div>            <div class=\"container\">\r\n                <div class=\"el-page-content\">\r\n                                        <h3 class=\"sub-title\">Nos solutions<\/h3>\r\n                                                                                        <h2 class=\"title\">Input For You aide les soci\u00e9t\u00e9s  \u00e0 r\u00e9ussir la transition d\u2019activit\u00e9s sur papier \u00e0 un environnement num\u00e9ris\u00e9 sans papier. <\/h2>\r\n                                                                                        <p >Nous leur permettons ainsi de r\u00e9duire les frais de la manipulation de papiers et d\u2019augmenter l\u2019efficacit\u00e9 du traitement de leur flux de documents entrants.<\/p>\r\n                                    <\/div>\r\n                            <\/div>\r\n        <\/div>\r\n        \t\t\t\t<\/div>\n\t\t\t\t<\/div>\n\t\t\t\t\t<\/div>\n\t\t<\/div>\n\t\t\t\t\t<\/div>\n\t\t<\/section>\n\t\t\t\t<section class=\"elementor-section elementor-top-section elementor-element elementor-element-e411f10 elementor-section-boxed elementor-section-height-default elementor-section-height-default\" data-id=\"e411f10\" data-element_type=\"section\" data-e-type=\"section\" data-settings=\"{&quot;background_background&quot;:&quot;classic&quot;,&quot;sticky_logo_enable&quot;:&quot;no&quot;}\">\n\t\t\t\t\t\t<div class=\"elementor-container elementor-column-gap-default\">\n\t\t\t\t\t<div class=\"elementor-column elementor-col-100 elementor-top-column elementor-element elementor-element-2e1f895c\" data-id=\"2e1f895c\" data-element_type=\"column\" data-e-type=\"column\">\n\t\t\t<div class=\"elementor-widget-wrap elementor-element-populated\">\n\t\t\t\t\t\t<div class=\"elementor-element elementor-element-55c04b92 dl-align-center elementor-invisible elementor-widget elementor-widget-dl-section-heading\" data-id=\"55c04b92\" data-element_type=\"widget\" data-e-type=\"widget\" data-settings=\"{&quot;_animation&quot;:&quot;fadeInUp&quot;}\" data-widget_type=\"dl-section-heading.default\">\n\t\t\t\t<div class=\"elementor-widget-container\">\n\t\t\t\t\t        <div class=\"dl-section-heading\">\r\n                            <h4 class=\"dl-sub-heading\">\r\n                <span class=\"custom-border left\">Input For You<\/span>\r\n            <\/h4>\r\n                                    <h2 class=\"dl-heading\" data-bg-text=\"\">\r\n                                    Solutions                            <\/h2>\r\n                                <\/div>\r\n        \t\t\t\t<\/div>\n\t\t\t\t<\/div>\n\t\t\t\t<div class=\"elementor-element elementor-element-50c8c36 align-center bg-shape-yes elementor-widget elementor-widget-neobiz-service-items\" data-id=\"50c8c36\" data-element_type=\"widget\" data-e-type=\"widget\" data-widget_type=\"neobiz-service-items.default\">\n\t\t\t\t<div class=\"elementor-widget-container\">\n\t\t\t\t\t        <div class=\"nb-service-items\" data-effect=\"enable\">\r\n                        <div class=\"nb-service-item elementor-repeater-item-4134908 wow dl-animation dl-fadeInBottom\" data-wow-offset=\"200\" data-wow-delay=\"200ms\" data-wow-duration=\"700ms\">\r\n                <div class=\"service-inner\">\r\n                                            <div class=\"service-icon\"><i aria-hidden=\"true\" class=\"bs bs-folder\"><\/i><\/div>\r\n                    <h3 class=\"heading\">Salle de courrier <br>Externalisation<br>&nbsp;<\/h3><p >Comment \u00e9conomiser de 30 \u00e0 80% sur vos frais de traitement du courrier entrant<br>&nbsp;<\/p><a href=\"https:\/\/www.inputforyou.com\/fr\/externalisation-de-la-salle-de-courrier\/\" target=\"_blank\" rel=\"nofollow\" class=\"read-more\">Lire la suite<i class=\"las la-long-arrow-alt-right\"><\/i><\/a>                    <div class=\"dir-overlay\"><\/div>\r\n                <\/div>\r\n            <\/div>\r\n                        <div class=\"nb-service-item elementor-repeater-item-e8623c5 wow dl-animation dl-fadeInBottom\" data-wow-offset=\"200\" data-wow-delay=\"300ms\" data-wow-duration=\"700ms\">\r\n                <div class=\"service-inner\">\r\n                                            <div class=\"service-icon\"><i aria-hidden=\"true\" class=\"bs bs-calculator\"><\/i><\/div>\r\n                    <h3 class=\"heading\">Facture<br> l'automatisation<br>&nbsp;<\/h3><p >Rationalisation et automatisation de la cr\u00e9ation, de l'approbation, du traitement et du paiement des factures<\/p><a href=\"https:\/\/www.inputforyou.com\/fr\/automatisation-des-factures\/\" target=\"_blank\" rel=\"nofollow\" class=\"read-more\">Lire la suite<i class=\"las la-long-arrow-alt-right\"><\/i><\/a>                    <div class=\"dir-overlay\"><\/div>\r\n                <\/div>\r\n            <\/div>\r\n                        <div class=\"nb-service-item elementor-repeater-item-1260457 wow dl-animation dl-fadeInBottom\" data-wow-offset=\"200\" data-wow-delay=\"400ms\" data-wow-duration=\"700ms\">\r\n                <div class=\"service-inner\">\r\n                                            <div class=\"service-icon\"><i aria-hidden=\"true\" class=\"bs bs-analysis\"><\/i><\/div>\r\n                    <h3 class=\"heading\">Digital<br> archivage<br>&nbsp;<\/h3><p >\u00c9conomiser l'espace de stockage et les interactions humaines co\u00fbteuses <br>&nbsp;<\/p><a href=\"https:\/\/www.inputforyou.com\/fr\/archivage-numerique\/\" target=\"_blank\" rel=\"nofollow\" class=\"read-more\">Lire la suite<i class=\"las la-long-arrow-alt-right\"><\/i><\/a>                    <div class=\"dir-overlay\"><\/div>\r\n                <\/div>\r\n            <\/div>\r\n                        <div class=\"nb-service-item elementor-repeater-item-02f4aff wow dl-animation dl-fadeInBottom\" data-wow-offset=\"200\" data-wow-delay=\"500ms\" data-wow-duration=\"700ms\">\r\n                <div class=\"service-inner\">\r\n                                            <div class=\"service-icon\"><i aria-hidden=\"true\" class=\"bs bs-notebook\"><\/i><\/div>\r\n                    <h3 class=\"heading\">Automatisation des sinistres et de la tarification<\/h3><p >Rationaliser et am\u00e9liorer l'efficacit\u00e9 des demandes d'indemnisation <br>&nbsp;<\/p><a href=\"https:\/\/www.inputforyou.com\/fr\/automatisation-de-la-souscription-des-contrats-dassurance\/\" target=\"_blank\" rel=\"nofollow\" class=\"read-more\">Lire la suite<i class=\"las la-long-arrow-alt-right\"><\/i><\/a>                    <div class=\"dir-overlay\"><\/div>\r\n                <\/div>\r\n            <\/div>\r\n                        <div class=\"nb-service-item elementor-repeater-item-edf69b3 wow dl-animation dl-fadeInBottom\" data-wow-offset=\"200\" data-wow-delay=\"500ms\" data-wow-duration=\"700ms\">\r\n                <div class=\"service-inner\">\r\n                                            <div class=\"service-icon\"><i aria-hidden=\"true\" class=\"bs bs-global\"><\/i><\/div>\r\n                    <h3 class=\"heading\">Traitement des documents m\u00e9dicaux<\/h3><p >Extraire des informations utiles de documents m\u00e9dicaux <br>&nbsp;<br>&nbsp;<\/p><a href=\"https:\/\/www.inputforyou.com\/fr\/traitement-des-documents-medicaux\/\" target=\"_blank\" rel=\"nofollow\" class=\"read-more\">Lire la suite<i class=\"las la-long-arrow-alt-right\"><\/i><\/a>                    <div class=\"dir-overlay\"><\/div>\r\n                <\/div>\r\n            <\/div>\r\n                        <div class=\"nb-service-item elementor-repeater-item-2ea27c4 wow dl-animation dl-fadeInBottom\" data-wow-offset=\"200\" data-wow-delay=\"500ms\" data-wow-duration=\"700ms\">\r\n                <div class=\"service-inner\">\r\n                                            <div class=\"service-icon\"><i aria-hidden=\"true\" class=\"bs bs-credit-card\"><\/i><\/div>\r\n                    <h3 class=\"heading\">Traitement des amendes<br> &amp; huissier de justice<\/h3><p >Rationaliser et automatiser de nombreuses t\u00e2ches li\u00e9es \u00e0 la gestion des amendes<\/p><a href=\"https:\/\/www.inputforyou.com\/fr\/huissier-de-justice-charge-de-la-gestion-des-amendes\/\" target=\"_blank\" rel=\"nofollow\" class=\"read-more\">Lire la suite<i class=\"las la-long-arrow-alt-right\"><\/i><\/a>                    <div class=\"dir-overlay\"><\/div>\r\n                <\/div>\r\n            <\/div>\r\n                        <div class=\"nb-service-item elementor-repeater-item-71afa76 wow dl-animation dl-fadeInBottom\" data-wow-offset=\"200\" data-wow-delay=\"500ms\" data-wow-duration=\"700ms\">\r\n                <div class=\"service-inner\">\r\n                                            <div class=\"service-icon\"><i aria-hidden=\"true\" class=\"bs bs-startup-1\"><\/i><\/div>\r\n                    <h3 class=\"heading\">Contrat<br> traitement<\/h3><p >R\u00e9duisez vos co\u00fbts de traitement d'au moins 60%<br>&nbsp;<br>&nbsp;<\/p><a href=\"https:\/\/www.inputforyou.com\/fr\/traitement-des-contrats\/\" target=\"_blank\" rel=\"nofollow\" class=\"read-more\">Lire la suite<i class=\"las la-long-arrow-alt-right\"><\/i><\/a>                    <div class=\"dir-overlay\"><\/div>\r\n                <\/div>\r\n            <\/div>\r\n                        <div class=\"nb-service-item elementor-repeater-item-913abbf wow dl-animation dl-fadeInBottom\" data-wow-offset=\"200\" data-wow-delay=\"500ms\" data-wow-duration=\"700ms\">\r\n                <div class=\"service-inner\">\r\n                                            <div class=\"service-icon\"><i aria-hidden=\"true\" class=\"bs bs-handshake\"><\/i><\/div>\r\n                    <h3 class=\"heading\">Administration des documents RH<\/h3><p >Trouver et r\u00e9cup\u00e9rer rapidement des informations sur les ressources humaines<br>&nbsp;<br>&nbsp;<\/p><a href=\"https:\/\/www.inputforyou.com\/fr\/hr-document-administration\/\" target=\"_blank\" rel=\"nofollow\" class=\"read-more\">Lire la suite<i class=\"las la-long-arrow-alt-right\"><\/i><\/a>                    <div class=\"dir-overlay\"><\/div>\r\n                <\/div>\r\n            <\/div>\r\n                    <\/div>\r\n        \t\t\t\t<\/div>\n\t\t\t\t<\/div>\n\t\t\t\t\t<\/div>\n\t\t<\/div>\n\t\t\t\t\t<\/div>\n\t\t<\/section>\n\t\t\t\t<\/div>","protected":false},"excerpt":{"rendered":"<p>Our solutions Input For You enables leading corporations to transition successfully from paper handling activities to a digitized paperless environment. We help leading corporations reduce paper handling cost and increase efficiency in handling their inbound documents stream. input for you Solutions Mailroom Outsourcing&nbsp; How to save 30 to 80% on your incoming post handling cost&nbsp; [&hellip;]<\/p>\n","protected":false},"author":1,"featured_media":0,"parent":0,"menu_order":0,"comment_status":"closed","ping_status":"closed","template":"elementor-template.php","meta":{"_monsterinsights_skip_tracking":false,"_monsterinsights_sitenote_active":false,"_monsterinsights_sitenote_note":"","_monsterinsights_sitenote_category":0,"footnotes":""},"class_list":["post-1589","page","type-page","status-publish","hentry"],"aioseo_notices":[],"_links":{"self":[{"href":"https:\/\/www.inputforyou.com\/fr\/wp-json\/wp\/v2\/pages\/1589","targetHints":{"allow":["GET"]}}],"collection":[{"href":"https:\/\/www.inputforyou.com\/fr\/wp-json\/wp\/v2\/pages"}],"about":[{"href":"https:\/\/www.inputforyou.com\/fr\/wp-json\/wp\/v2\/types\/page"}],"author":[{"embeddable":true,"href":"https:\/\/www.inputforyou.com\/fr\/wp-json\/wp\/v2\/users\/1"}],"replies":[{"embeddable":true,"href":"https:\/\/www.inputforyou.com\/fr\/wp-json\/wp\/v2\/comments?post=1589"}],"version-history":[{"count":45,"href":"https:\/\/www.inputforyou.com\/fr\/wp-json\/wp\/v2\/pages\/1589\/revisions"}],"predecessor-version":[{"id":3957,"href":"https:\/\/www.inputforyou.com\/fr\/wp-json\/wp\/v2\/pages\/1589\/revisions\/3957"}],"wp:attachment":[{"href":"https:\/\/www.inputforyou.com\/fr\/wp-json\/wp\/v2\/media?parent=1589"}],"curies":[{"name":"wp","href":"https:\/\/api.w.org\/{rel}","templated":true}]}}