{"id":1589,"date":"2022-11-03T19:27:46","date_gmt":"2022-11-03T17:27:46","guid":{"rendered":"https:\/\/themes.dynamiclayers.net\/neobiz-importer\/our-services-copy\/"},"modified":"2025-01-22T11:02:41","modified_gmt":"2025-01-22T09:02:41","slug":"soluciones","status":"publish","type":"page","link":"https:\/\/www.inputforyou.com\/es\/solutions\/","title":{"rendered":"Soluciones"},"content":{"rendered":"<div data-elementor-type=\"wp-page\" data-elementor-id=\"1589\" class=\"elementor elementor-1589\">\n\t\t\t\t\t\t<section class=\"elementor-section elementor-top-section elementor-element elementor-element-db46b60 elementor-section-full_width elementor-section-height-default elementor-section-height-default\" data-id=\"db46b60\" data-element_type=\"section\" data-e-type=\"section\" data-settings=\"{&quot;background_background&quot;:&quot;classic&quot;,&quot;sticky_logo_enable&quot;:&quot;no&quot;}\">\n\t\t\t\t\t\t<div class=\"elementor-container elementor-column-gap-no\">\n\t\t\t\t\t<div class=\"elementor-column elementor-col-100 elementor-top-column elementor-element elementor-element-2ee486b\" data-id=\"2ee486b\" data-element_type=\"column\" data-e-type=\"column\">\n\t\t\t<div class=\"elementor-widget-wrap elementor-element-populated\">\n\t\t\t\t\t\t<div class=\"elementor-element elementor-element-11a4247 align-left elementor-widget elementor-widget-neobiz-page-header\" data-id=\"11a4247\" data-element_type=\"widget\" data-e-type=\"widget\" data-widget_type=\"neobiz-page-header.default\">\n\t\t\t\t<div class=\"elementor-widget-container\">\n\t\t\t\t\t        <div class=\"el-page-header\">\r\n           <div class=\"overlay\"><\/div><div class=\"el-page-header-shape\" style=\"background-image: url(https:\/\/www.inputforyou.com\/wp-content\/plugins\/neobiz-core\/assets\/img\/page-header-shape.png)\"><\/div>            <div class=\"container\">\r\n                <div class=\"el-page-content\">\r\n                                        <h3 class=\"sub-title\">Nuestras soluciones<\/h3>\r\n                                                                                        <h2 class=\"title\">Input For You permite a las principales empresas pasar con \u00e9xito de las actividades de tratamiento de papel a un entorno digitalizado sin papel. <\/h2>\r\n                                                                                        <p >Ayudamos a las principales empresas a reducir los costes de gesti\u00f3n del papel y a aumentar la eficacia en la gesti\u00f3n de su flujo de documentos entrantes.<\/p>\r\n                                    <\/div>\r\n                            <\/div>\r\n        <\/div>\r\n        \t\t\t\t<\/div>\n\t\t\t\t<\/div>\n\t\t\t\t\t<\/div>\n\t\t<\/div>\n\t\t\t\t\t<\/div>\n\t\t<\/section>\n\t\t\t\t<section class=\"elementor-section elementor-top-section elementor-element elementor-element-e411f10 elementor-section-boxed elementor-section-height-default elementor-section-height-default\" data-id=\"e411f10\" data-element_type=\"section\" data-e-type=\"section\" data-settings=\"{&quot;background_background&quot;:&quot;classic&quot;,&quot;sticky_logo_enable&quot;:&quot;no&quot;}\">\n\t\t\t\t\t\t<div class=\"elementor-container elementor-column-gap-default\">\n\t\t\t\t\t<div class=\"elementor-column elementor-col-100 elementor-top-column elementor-element elementor-element-2e1f895c\" data-id=\"2e1f895c\" data-element_type=\"column\" data-e-type=\"column\">\n\t\t\t<div class=\"elementor-widget-wrap elementor-element-populated\">\n\t\t\t\t\t\t<div class=\"elementor-element elementor-element-55c04b92 dl-align-center elementor-invisible elementor-widget elementor-widget-dl-section-heading\" data-id=\"55c04b92\" data-element_type=\"widget\" data-e-type=\"widget\" data-settings=\"{&quot;_animation&quot;:&quot;fadeInUp&quot;}\" data-widget_type=\"dl-section-heading.default\">\n\t\t\t\t<div class=\"elementor-widget-container\">\n\t\t\t\t\t        <div class=\"dl-section-heading\">\r\n                            <h4 class=\"dl-sub-heading\">\r\n                <span class=\"custom-border left\">Input For You<\/span>\r\n            <\/h4>\r\n                                    <h2 class=\"dl-heading\" data-bg-text=\"\">\r\n                                    Soluciones                            <\/h2>\r\n                                <\/div>\r\n        \t\t\t\t<\/div>\n\t\t\t\t<\/div>\n\t\t\t\t<div class=\"elementor-element elementor-element-50c8c36 align-center bg-shape-yes elementor-widget elementor-widget-neobiz-service-items\" data-id=\"50c8c36\" data-element_type=\"widget\" data-e-type=\"widget\" data-widget_type=\"neobiz-service-items.default\">\n\t\t\t\t<div class=\"elementor-widget-container\">\n\t\t\t\t\t        <div class=\"nb-service-items\" data-effect=\"enable\">\r\n                        <div class=\"nb-service-item elementor-repeater-item-4134908 wow dl-animation dl-fadeInBottom\" data-wow-offset=\"200\" data-wow-delay=\"200ms\" data-wow-duration=\"700ms\">\r\n                <div class=\"service-inner\">\r\n                                            <div class=\"service-icon\"><i aria-hidden=\"true\" class=\"bs bs-folder\"><\/i><\/div>\r\n                    <h3 class=\"heading\">Correo <br>Subcontrataci\u00f3n<br>&nbsp;<\/h3><p >C\u00f3mo ahorrar entre 30 y 80% en los gastos de manipulaci\u00f3n del correo entrante<br>&nbsp;<\/p><a href=\"https:\/\/www.inputforyou.com\/es\/externalizacion-de-la-sala-de-expedicion\/\" target=\"_blank\" rel=\"nofollow\" class=\"read-more\">Seguir leyendo<i class=\"las la-long-arrow-alt-right\"><\/i><\/a>                    <div class=\"dir-overlay\"><\/div>\r\n                <\/div>\r\n            <\/div>\r\n                        <div class=\"nb-service-item elementor-repeater-item-e8623c5 wow dl-animation dl-fadeInBottom\" data-wow-offset=\"200\" data-wow-delay=\"300ms\" data-wow-duration=\"700ms\">\r\n                <div class=\"service-inner\">\r\n                                            <div class=\"service-icon\"><i aria-hidden=\"true\" class=\"bs bs-calculator\"><\/i><\/div>\r\n                    <h3 class=\"heading\">Factura<br> automatizaci\u00f3n<br>&nbsp;<\/h3><p >Racionalizaci\u00f3n y automatizaci\u00f3n de la creaci\u00f3n, aprobaci\u00f3n, tramitaci\u00f3n y pago de facturas<\/p><a href=\"https:\/\/www.inputforyou.com\/es\/automatizacion-de-facturas\/\" target=\"_blank\" rel=\"nofollow\" class=\"read-more\">Seguir leyendo<i class=\"las la-long-arrow-alt-right\"><\/i><\/a>                    <div class=\"dir-overlay\"><\/div>\r\n                <\/div>\r\n            <\/div>\r\n                        <div class=\"nb-service-item elementor-repeater-item-1260457 wow dl-animation dl-fadeInBottom\" data-wow-offset=\"200\" data-wow-delay=\"400ms\" data-wow-duration=\"700ms\">\r\n                <div class=\"service-inner\">\r\n                                            <div class=\"service-icon\"><i aria-hidden=\"true\" class=\"bs bs-analysis\"><\/i><\/div>\r\n                    <h3 class=\"heading\">Digital<br> archivo<br>&nbsp;<\/h3><p >Ahorre espacio de almacenamiento y costosas interacciones humanas <br>&nbsp;<\/p><a href=\"https:\/\/www.inputforyou.com\/es\/archivo-digital\/\" target=\"_blank\" rel=\"nofollow\" class=\"read-more\">Seguir leyendo<i class=\"las la-long-arrow-alt-right\"><\/i><\/a>                    <div class=\"dir-overlay\"><\/div>\r\n                <\/div>\r\n            <\/div>\r\n                        <div class=\"nb-service-item elementor-repeater-item-02f4aff wow dl-animation dl-fadeInBottom\" data-wow-offset=\"200\" data-wow-delay=\"500ms\" data-wow-duration=\"700ms\">\r\n                <div class=\"service-inner\">\r\n                                            <div class=\"service-icon\"><i aria-hidden=\"true\" class=\"bs bs-notebook\"><\/i><\/div>\r\n                    <h3 class=\"heading\">Automatizaci\u00f3n de reclamaciones y suscripci\u00f3n de seguros<\/h3><p >Racionalizar y mejorar la eficacia de las reclamaciones de seguros <br>&nbsp;<\/p><a href=\"https:\/\/www.inputforyou.com\/es\/automatizacion-de-la-suscripcion-de-reclamaciones-de-seguros\/\" target=\"_blank\" rel=\"nofollow\" class=\"read-more\">Seguir leyendo<i class=\"las la-long-arrow-alt-right\"><\/i><\/a>                    <div class=\"dir-overlay\"><\/div>\r\n                <\/div>\r\n            <\/div>\r\n                        <div class=\"nb-service-item elementor-repeater-item-edf69b3 wow dl-animation dl-fadeInBottom\" data-wow-offset=\"200\" data-wow-delay=\"500ms\" data-wow-duration=\"700ms\">\r\n                <div class=\"service-inner\">\r\n                                            <div class=\"service-icon\"><i aria-hidden=\"true\" class=\"bs bs-global\"><\/i><\/div>\r\n                    <h3 class=\"heading\">Tratamiento de documentos m\u00e9dicos<\/h3><p >Extraer informaci\u00f3n \u00fatil de documentos m\u00e9dicos <br>&nbsp;<br>&nbsp;<\/p><a href=\"https:\/\/www.inputforyou.com\/es\/tratamiento-de-documentos-medicos\/\" target=\"_blank\" rel=\"nofollow\" class=\"read-more\">Seguir leyendo<i class=\"las la-long-arrow-alt-right\"><\/i><\/a>                    <div class=\"dir-overlay\"><\/div>\r\n                <\/div>\r\n            <\/div>\r\n                        <div class=\"nb-service-item elementor-repeater-item-2ea27c4 wow dl-animation dl-fadeInBottom\" data-wow-offset=\"200\" data-wow-delay=\"500ms\" data-wow-duration=\"700ms\">\r\n                <div class=\"service-inner\">\r\n                                            <div class=\"service-icon\"><i aria-hidden=\"true\" class=\"bs bs-credit-card\"><\/i><\/div>\r\n                    <h3 class=\"heading\">Gesti\u00f3n de multas<br> y alguacil<\/h3><p >Racionalizar y automatizar muchas de las tareas asociadas a la gesti\u00f3n de multas<\/p><a href=\"https:\/\/www.inputforyou.com\/es\/alguacil-gestor-de-multas\/\" target=\"_blank\" rel=\"nofollow\" class=\"read-more\">Seguir leyendo<i class=\"las la-long-arrow-alt-right\"><\/i><\/a>                    <div class=\"dir-overlay\"><\/div>\r\n                <\/div>\r\n            <\/div>\r\n                        <div class=\"nb-service-item elementor-repeater-item-71afa76 wow dl-animation dl-fadeInBottom\" data-wow-offset=\"200\" data-wow-delay=\"500ms\" data-wow-duration=\"700ms\">\r\n                <div class=\"service-inner\">\r\n                                            <div class=\"service-icon\"><i aria-hidden=\"true\" class=\"bs bs-startup-1\"><\/i><\/div>\r\n                    <h3 class=\"heading\">Contrato<br> procesamiento<\/h3><p >Reduzca sus costes de tramitaci\u00f3n en al menos 60%<br>&nbsp;<br>&nbsp;<\/p><a href=\"https:\/\/www.inputforyou.com\/es\/tramitacion-de-contratos\/\" target=\"_blank\" rel=\"nofollow\" class=\"read-more\">Seguir leyendo<i class=\"las la-long-arrow-alt-right\"><\/i><\/a>                    <div class=\"dir-overlay\"><\/div>\r\n                <\/div>\r\n            <\/div>\r\n                        <div class=\"nb-service-item elementor-repeater-item-913abbf wow dl-animation dl-fadeInBottom\" data-wow-offset=\"200\" data-wow-delay=\"500ms\" data-wow-duration=\"700ms\">\r\n                <div class=\"service-inner\">\r\n                                            <div class=\"service-icon\"><i aria-hidden=\"true\" class=\"bs bs-handshake\"><\/i><\/div>\r\n                    <h3 class=\"heading\">Administraci\u00f3n de documentos de RRHH<\/h3><p >Encuentre y recupere r\u00e1pidamente informaci\u00f3n sobre recursos humanos<br>&nbsp;<br>&nbsp;<\/p><a href=\"https:\/\/www.inputforyou.com\/es\/hr-documento-administracion\/\" target=\"_blank\" rel=\"nofollow\" class=\"read-more\">Seguir leyendo<i class=\"las la-long-arrow-alt-right\"><\/i><\/a>                    <div class=\"dir-overlay\"><\/div>\r\n                <\/div>\r\n            <\/div>\r\n                    <\/div>\r\n        \t\t\t\t<\/div>\n\t\t\t\t<\/div>\n\t\t\t\t\t<\/div>\n\t\t<\/div>\n\t\t\t\t\t<\/div>\n\t\t<\/section>\n\t\t\t\t<\/div>","protected":false},"excerpt":{"rendered":"<p>Our solutions Input For You enables leading corporations to transition successfully from paper handling activities to a digitized paperless environment. We help leading corporations reduce paper handling cost and increase efficiency in handling their inbound documents stream. input for you Solutions Mailroom Outsourcing&nbsp; How to save 30 to 80% on your incoming post handling cost&nbsp; [&hellip;]<\/p>\n","protected":false},"author":1,"featured_media":0,"parent":0,"menu_order":0,"comment_status":"closed","ping_status":"closed","template":"elementor-template.php","meta":{"_monsterinsights_skip_tracking":false,"_monsterinsights_sitenote_active":false,"_monsterinsights_sitenote_note":"","_monsterinsights_sitenote_category":0,"footnotes":""},"class_list":["post-1589","page","type-page","status-publish","hentry"],"aioseo_notices":[],"_links":{"self":[{"href":"https:\/\/www.inputforyou.com\/es\/wp-json\/wp\/v2\/pages\/1589","targetHints":{"allow":["GET"]}}],"collection":[{"href":"https:\/\/www.inputforyou.com\/es\/wp-json\/wp\/v2\/pages"}],"about":[{"href":"https:\/\/www.inputforyou.com\/es\/wp-json\/wp\/v2\/types\/page"}],"author":[{"embeddable":true,"href":"https:\/\/www.inputforyou.com\/es\/wp-json\/wp\/v2\/users\/1"}],"replies":[{"embeddable":true,"href":"https:\/\/www.inputforyou.com\/es\/wp-json\/wp\/v2\/comments?post=1589"}],"version-history":[{"count":45,"href":"https:\/\/www.inputforyou.com\/es\/wp-json\/wp\/v2\/pages\/1589\/revisions"}],"predecessor-version":[{"id":3957,"href":"https:\/\/www.inputforyou.com\/es\/wp-json\/wp\/v2\/pages\/1589\/revisions\/3957"}],"wp:attachment":[{"href":"https:\/\/www.inputforyou.com\/es\/wp-json\/wp\/v2\/media?parent=1589"}],"curies":[{"name":"wp","href":"https:\/\/api.w.org\/{rel}","templated":true}]}}