{"id":3,"date":"2023-03-20T17:45:38","date_gmt":"2023-03-20T17:45:38","guid":{"rendered":"https:\/\/www.inputforyou.com\/?page_id=3"},"modified":"2025-10-02T12:27:24","modified_gmt":"2025-10-02T10:27:24","slug":"datenschutzbestimmungen","status":"publish","type":"page","link":"https:\/\/www.inputforyou.com\/de\/privacy-policy\/","title":{"rendered":"Datenschutzbestimmungen"},"content":{"rendered":"<h2>1.      Rechtliche und datenschutzrechtliche Informationen<\/h2>\n<p>Wenn Sie hierher gekommen sind, bedeutet das, dass Sie Ihre Privatsph\u00e4re sch\u00e4tzen. Wir verstehen das sehr gut, deshalb haben wir dieses Dokument f\u00fcr Sie vorbereitet. Hier k\u00f6nnen Sie die Regeln f\u00fcr die Verarbeitung personenbezogener Daten und die Verwendung von Cookies im Zusammenhang mit der Nutzung der Website inputforyou.be nachlesen.<\/p>\n<p>Der Verwalter der Website ist Input For You, Alfons Gossetlaan 32E\/102, 1702 Groot Bijgaarden, Steueridentifikationsnummer: BE 0473.984.560 . Wenn Sie Fragen zu unserer Datenschutzpolitik haben, k\u00f6nnen Sie sich jederzeit an uns wenden, indem Sie uns eine E-Mail an info@inputforyou.be schreiben.<\/p>\n<h2>2.      Gek\u00fcrzte Fassung - wichtige Informationen<\/h2>\n<p>Wir achten auf Ihre Privatsph\u00e4re und sch\u00e4tzen Ihre Zeit. Deshalb haben wir eine Kurzfassung der wichtigsten Regeln zum Schutz der Privatsph\u00e4re erstellt. Indem Sie den Newsletter abonnieren oder mit uns Kontakt aufnehmen, stellen Sie uns Informationen \u00fcber Sie zur Verf\u00fcgung, die auch Ihre pers\u00f6nlichen Daten umfassen. Wir garantieren Ihnen, dass Ihre Daten vertraulich bleiben, sicher sind und ohne Ihre ausdr\u00fcckliche Zustimmung nicht an Dritte weitergegeben werden.<\/p>\n<p>Wir verwenden Google-Analytics-Tools, die anonyme Informationen \u00fcber Ihre Besuche auf der Website sammeln, wie z. B. die Unterseiten, die Sie angesehen haben, die Zeit, die Sie auf der Website verbracht haben oder die \u00dcberg\u00e4nge zwischen einzelnen Unterseiten. Zu diesem Zweck werden Cookies von Google LLC f\u00fcr den Dienst Google Analytics verwendet.<\/p>\n<p>Wir verwenden das MailChimp-Versandsystem, das die Verwendung von Cookies der Rocket Science Ltd. f\u00fcr den MailChimp-Service beinhaltet.<\/p>\n<p>Wir verwenden das Disqus-Kommentarsystem, das die Verwendung von Cookies der Disqus Inc. beinhaltet.<\/p>\n<p>Wir verwenden Erstanbieter-Cookies, damit Sie die Website bequem nutzen und Unterst\u00fctzung erhalten k\u00f6nnen.<\/p>\n<p>Falls Ihnen die oben genannten Informationen nicht ausreichen, finden Sie weiter unten weitere Einzelheiten.<\/p>\n<h2>3.      Pers\u00f6nliche Daten<\/h2>\n<p>Der Verwalter Ihrer pers\u00f6nlichen Daten im Sinne der GDPR ist Input For You, Alfons Gossetlaan 32E\/102, 1702 Groot Bijgaarden, Steueridentifikationsnummer: BE 0473.984.560 .<\/p>\n<p>Zweck, Rechtsgrundlagen und Dauer der Verarbeitung personenbezogener Daten werden f\u00fcr jeden Zweck der Datenverarbeitung gesondert beschrieben (eine ausf\u00fchrliche Beschreibung der verschiedenen Zwecke der Datenverarbeitung finden Sie in den nachstehenden Bestimmungen).<\/p>\n<p>Sie haben folgende Rechte in Bezug auf die Verarbeitung Ihrer personenbezogenen Daten durch uns: das Recht, Zugang zu Ihren personenbezogenen Daten sowie deren Berichtigung, L\u00f6schung oder Einschr\u00e4nkung der Verarbeitung zu verlangen, das Recht, der Verarbeitung zu widersprechen, das Recht auf Daten\u00fcbertragbarkeit, das Recht, die Einwilligung in die Verarbeitung personenbezogener Daten f\u00fcr einen bestimmten Zweck zu widerrufen, wenn eine solche Einwilligung zuvor erteilt wurde, das Recht, im Zusammenhang mit der Verarbeitung personenbezogener Daten eine Beschwerde bei einer Aufsichtsbeh\u00f6rde einzureichen.<\/p>\n<p>Die oben genannten Rechte k\u00f6nnen in \u00dcbereinstimmung mit den Regeln in Art. 16 - 21 der GDPR, indem Sie uns eine E-Mail an die Adresse info@inputforyou.be schreiben. Wir k\u00f6nnen uns weigern, bestimmte der oben genannten Rechte auszu\u00fcben, wenn die Aus\u00fcbung eines bestimmten Rechts dem legitimen Zweck der von uns verarbeiteten Daten zuwiderlaufen w\u00fcrde. Die Angabe personenbezogener Daten ist immer freiwillig, aber notwendig, um sich f\u00fcr einen Newsletter anzumelden oder mit uns Kontakt aufzunehmen. Wir garantieren die Vertraulichkeit der uns zur Verf\u00fcgung gestellten personenbezogenen Daten. Wir stellen sicher, dass alle Sicherheitsma\u00dfnahmen und der Schutz personenbezogener Daten gem\u00e4\u00df den Bestimmungen der GDPR getroffen werden. Personenbezogene Daten werden mit der gebotenen Sorgfalt erhoben und angemessen vor dem Zugriff durch Unbefugte gesch\u00fctzt.<\/p>\n<p>Wir vertrauen die Verarbeitung personenbezogener Daten den folgenden Stellen an: Expertmedia, Eekstuk 2 in 9030 Gent, um die Daten auf dem Server zu speichern, Rocket Science Group \/\/ 675 Ponce de Leon Ave NE, Suite 5000, Atlanta, GA 30308 - um das MailChimp Mailing System zu nutzen.<\/p>\n<p>Alle mit der Verarbeitung personenbezogener Daten betrauten Stellen garantieren die Anwendung angemessener Sicherheitsma\u00dfnahmen und den gesetzlich vorgeschriebenen Schutz personenbezogener Daten. Im Zusammenhang mit der Nutzung des MailChimp-Systems werden personenbezogene Daten in ein Drittland (USA) \u00fcbermittelt. Aber keine Sorge. Der Anbieter des MailChimp-Systems ist dem Privacy-Shield-Programm beigetreten, was bedeutet, dass er ein angemessenes Schutzniveau f\u00fcr personenbezogene Daten gem\u00e4\u00df den europ\u00e4ischen Vorschriften garantiert.<\/p>\n<h2>4.      Beanstandungen.<\/h2>\n<p>Wenn Sie eine Beschwerde einreichen, stellen Sie uns die darin enthaltenen Daten zur Verf\u00fcgung. Wir verarbeiten diese Daten, um das Beschwerdeverfahren abschlie\u00dfen zu k\u00f6nnen. In diesem Fall ist die Rechtsgrundlage f\u00fcr die Verarbeitung Ihrer personenbezogenen Daten die Erf\u00fcllung unserer rechtlichen Verpflichtungen im Zusammenhang mit dem Beschwerdeverfahren.<\/p>\n<h2>5.      Newsletter.<\/h2>\n<p>Wenn Sie den Newsletter abonnieren, stellen Sie uns Ihre pers\u00f6nlichen Daten wie Ihren Namen und Ihre E-Mail-Adresse zur Verf\u00fcgung. Wir verarbeiten diese Daten, um Ihnen den Newsletter zuzusenden. Rechtsgrundlage f\u00fcr die Verarbeitung Ihrer personenbezogenen Daten ist in diesem Fall Ihre Einwilligung, die Sie durch Ankreuzen eines entsprechenden Kontrollk\u00e4stchens bei der Anmeldung zum Newsletter zum Ausdruck bringen. Die im Newsletter-Anmeldeformular angegebenen Daten werden in der Datenbank des Mailing-Systems f\u00fcr die Dauer der Website-Aktivit\u00e4t gespeichert, es sei denn, Sie entscheiden sich, den Newsletter nicht zu erhalten, was zur L\u00f6schung der Daten aus der Datenbank f\u00fchrt.<\/p>\n<h2>6.      E-Mail-Kontakt.<\/h2>\n<p>Wenn Sie sich per E-Mail an uns wenden, teilen Sie uns Ihre E-Mail-Adresse mit, die dem Absender zugeordnet wird. Dar\u00fcber hinaus k\u00f6nnen Sie in der Nachricht weitere personenbezogene Daten angeben. In diesem Fall ist die Rechtsgrundlage f\u00fcr die Verarbeitung der personenbezogenen Daten Ihre Einwilligung, die sich aus der Kontaktaufnahme mit uns ergibt. Ihre personenbezogenen Daten, die Sie uns im Rahmen einer E-Mail zur Verf\u00fcgung stellen, werden nur zur Beantwortung Ihrer Anfrage verarbeitet. Der Inhalt der Korrespondenz kann archiviert werden.<\/p>\n<h2>7.      Cookies und Tracking-Technologien<\/h2>\n<p>Unsere Website verwendet, wie fast alle anderen Websites auch, Cookies, um Ihnen das beste Surferlebnis zu bieten. Cookies sind kleine Textinformationen, die auf Ihrem Endger\u00e4t (Computer, Tablet, Smartphone) gespeichert werden und von unserem IKT-System gelesen werden k\u00f6nnen. Cookies erm\u00f6glichen es uns: das ordnungsgem\u00e4\u00dfe und erwartete Funktionieren der Website zu gew\u00e4hrleisten, Ihre Einstellungen w\u00e4hrend und zwischen Besuchen der Website zu speichern, das ordnungsgem\u00e4\u00dfe Funktionieren des Support- und Verkaufsprozesses zu gew\u00e4hrleisten, die Geschwindigkeit und Sicherheit der Website zu verbessern, Analysetools zu verwenden und Marketingtools einzusetzen. Weitere Einzelheiten finden Sie unten.<\/p>\n<h2>8.      Einverst\u00e4ndnis mit Cookies.<\/h2>\n<p>Wenn Sie die Website zum ersten Mal besuchen, erhalten Sie einen Hinweis auf die Verwendung von Cookies. Wenn Sie diese Meldung akzeptieren und schlie\u00dfen, erkl\u00e4ren Sie sich mit der Verwendung von Cookies gem\u00e4\u00df den Bestimmungen dieser Datenschutzrichtlinie einverstanden. Sie k\u00f6nnen Ihre Zustimmung jederzeit widerrufen, indem Sie die Cookies l\u00f6schen und die Cookie-Einstellungen in Ihrem Browser \u00e4ndern. Bedenken Sie jedoch, dass die Deaktivierung von Cookies zu Schwierigkeiten bei der Nutzung unserer Website sowie vieler anderer Websites, die Cookies verwenden, f\u00fchren kann.<\/p>\n<h2>9.      Erstanbieter-Cookies.<\/h2>\n<p>Es gibt zwei Arten von Cookies: Erstanbieter-Cookies und Drittanbieter-Cookies. Wir verwenden Erstanbieter-Cookies, um die ordnungsgem\u00e4\u00dfe Funktionalit\u00e4t der Website zu gew\u00e4hrleisten und zu folgenden Zwecken: Speicherung Ihrer Sprache, Aufzeichnung der Annahme der Datenschutzrichtlinie und der Cookie-Richtlinie,.<\/p>\n<h2>10. Cookies von Dritten.<\/h2>\n<p>Unsere Website verwendet, wie die meisten heutigen Websites, Funktionen, die von Dritten bereitgestellt werden und die die Verwendung von Cookies von Dritten beinhalten. Die Verwendung dieser Dateitypen wird im Folgenden beschrieben.<\/p>\n<h2>11. Analyse und Statistik.<\/h2>\n<p>Wir verwenden Cookies, um Website-Statistiken zu erfassen, wie z. B. die Anzahl der Besucher, die Art des Betriebssystems und des Webbrowsers, mit dem die Website besucht wurde, die auf der Website verbrachte Zeit, die besuchten Unterseiten usw. Zu diesem Zweck verwenden wir Google Analytics. In dieser Hinsicht sind die gesammelten Informationen v\u00f6llig anonym und erlauben keine Identifizierung Ihrer Person. Zu diesem Zweck werden Cookies von Google LLC f\u00fcr den Dienst Google Analytics verwendet. Die Nutzung der Google-Analytics-Dienste beinhaltet die Implementierung des von Google bereitgestellten Tracking-Codes in den Code unserer Website Dieser Code basiert auf Cookies, kann aber auch andere Tracking-Technologien verwenden. Einzelheiten zur Verwendung der von Google im Rahmen der Nutzung von Google Analytics auf unserer Website erfassten Informationen finden Sie hier: https:\/\/www.google.com\/intl\/pl\/policies\/privacy\/partners\/.<\/p>\n<h2>12. Marketinginstrumente.<\/h2>\n<p>Wir verwenden das MailChimp-Versandsystem. Infolgedessen werden Cookies der Rocket Science Group in Verbindung mit dem MailChimp-Service verwendet.<\/p>\n<p>Wir nutzen den von Leadinfo B.V., Rotterdam, Niederlande, bereitgestellten Lead-Generierungsdienst, der Besuche von Unternehmen auf unserer Website anhand von IP-Adressen erkennt und uns damit zusammenh\u00e4ngende \u00f6ffentlich zug\u00e4ngliche Informationen wie Firmennamen oder Adressen anzeigt. Dar\u00fcber hinaus setzt Leadinfo zwei First-Party-Cookies, um Transparenz dar\u00fcber zu schaffen, wie unsere Besucher unsere Website nutzen, und das Tool verarbeitet Domains aus eingegebenen Formularen (z. B. \"leadinfo.com\"), um IP-Adressen mit Unternehmen zu korrelieren und seine Dienste zu verbessern. F\u00fcr weitere Informationen besuchen Sie bitte www.leadinfo.com. Auf dieser Seite: www.leadinfo.com\/en\/opt-out haben Sie eine Opt-out-Option. Im Falle eines Opt-outs werden Ihre Daten von Leadinfo nicht mehr verwendet.<\/p>\n<h2>13. Server-Protokolle<\/h2>\n<p>Die Nutzung der Website beinhaltet das Senden von Anfragen an den Server, auf dem die Website gehostet wird. Jede an den Server gesendete Anfrage wird in den Serverprotokollen gespeichert. Zu den Protokollen geh\u00f6ren die IP-Adresse des Nutzers, Datum und Uhrzeit des Servers, Browser- und Betriebssysteminformationen. Die Protokolle werden auf dem Server gespeichert und aufbewahrt. Die in den Serverprotokollen gespeicherten Daten werden nicht mit bestimmten Personen, die die Website nutzen, in Verbindung gebracht und werden vom Administrator nicht zur Identifizierung von Nutzern verwendet. Die Serverprotokolle werden ausschlie\u00dflich zum Zweck der Verwaltung der Website gespeichert. Ihr Inhalt wird au\u00dfer den zur Verwaltung des Servers befugten Personen nicht an andere Personen weitergegeben.<\/p>","protected":false},"excerpt":{"rendered":"<p>1.\u00a0\u00a0\u00a0\u00a0\u00a0 Legal &amp; privacy Information If you came here, it must mean that you value your privacy. We understand this perfectly, that\u2019s why we have prepared this document for you. Here you will read about the rules for processing personal data and the use of cookies in connection with the use of the inputforyou.be website. [&hellip;]<\/p>\n","protected":false},"author":1,"featured_media":0,"parent":0,"menu_order":0,"comment_status":"closed","ping_status":"closed","template":"fullwidth-template.php","meta":{"_monsterinsights_skip_tracking":false,"_monsterinsights_sitenote_active":false,"_monsterinsights_sitenote_note":"","_monsterinsights_sitenote_category":0,"footnotes":""},"class_list":["post-3","page","type-page","status-publish","hentry"],"aioseo_notices":[],"_links":{"self":[{"href":"https:\/\/www.inputforyou.com\/de\/wp-json\/wp\/v2\/pages\/3","targetHints":{"allow":["GET"]}}],"collection":[{"href":"https:\/\/www.inputforyou.com\/de\/wp-json\/wp\/v2\/pages"}],"about":[{"href":"https:\/\/www.inputforyou.com\/de\/wp-json\/wp\/v2\/types\/page"}],"author":[{"embeddable":true,"href":"https:\/\/www.inputforyou.com\/de\/wp-json\/wp\/v2\/users\/1"}],"replies":[{"embeddable":true,"href":"https:\/\/www.inputforyou.com\/de\/wp-json\/wp\/v2\/comments?post=3"}],"version-history":[{"count":1,"href":"https:\/\/www.inputforyou.com\/de\/wp-json\/wp\/v2\/pages\/3\/revisions"}],"predecessor-version":[{"id":4167,"href":"https:\/\/www.inputforyou.com\/de\/wp-json\/wp\/v2\/pages\/3\/revisions\/4167"}],"wp:attachment":[{"href":"https:\/\/www.inputforyou.com\/de\/wp-json\/wp\/v2\/media?parent=3"}],"curies":[{"name":"wp","href":"https:\/\/api.w.org\/{rel}","templated":true}]}}